{"id":711,"date":"2022-12-15T12:47:03","date_gmt":"2022-12-15T12:47:03","guid":{"rendered":"https:\/\/pawolotek.com\/?page_id=711"},"modified":"2022-12-17T08:23:34","modified_gmt":"2022-12-17T08:23:34","slug":"mondes-nouveaux","status":"publish","type":"page","link":"https:\/\/pawolotek.com\/index.php\/mondes-nouveaux\/","title":{"rendered":"Mondes Nouveaux"},"content":{"rendered":"\t\t<div data-elementor-type=\"wp-page\" data-elementor-id=\"711\" class=\"elementor elementor-711\" data-elementor-post-type=\"page\">\n\t\t\t\t\t\t<section class=\"elementor-section elementor-top-section elementor-element elementor-element-a1871b8 elementor-section-boxed elementor-section-height-default elementor-section-height-default qodef-elementor-content-no\" data-id=\"a1871b8\" data-element_type=\"section\" data-e-type=\"section\">\n\t\t\t\t\t\t<div class=\"elementor-container elementor-column-gap-default\">\n\t\t\t\t\t<div class=\"elementor-column elementor-col-50 elementor-top-column elementor-element elementor-element-50b9685\" data-id=\"50b9685\" data-element_type=\"column\" data-e-type=\"column\">\n\t\t\t<div class=\"elementor-widget-wrap elementor-element-populated\">\n\t\t\t\t\t\t<div class=\"elementor-element elementor-element-8f44eff elementor-widget elementor-widget-qi_addons_for_elementor_parallax_images\" data-id=\"8f44eff\" data-element_type=\"widget\" data-e-type=\"widget\" data-widget_type=\"qi_addons_for_elementor_parallax_images.default\">\n\t\t\t\t<div class=\"elementor-widget-container\">\n\t\t\t\t\t<div class=\"qodef-shortcode qodef-m qodef-qi-parallax-images qodef-layout--default\">\n\t<div class=\"qodef-m-images\">\n\t\t<div class=\"qodef-e-main-image-holder\">\n\t\t\t<div class=\"qodef-e-main-image-zoom-holder\">\n\t\t\t\t\t\t\t\t\t<div class=\"qodef-e-main-image\" >\n\t\t\t\t\t\t<img fetchpriority=\"high\" decoding=\"async\" width=\"400\" height=\"400\" src=\"https:\/\/pawolotek.com\/wp-content\/uploads\/2022\/12\/favicon-monde-nouveau.jpg\" class=\"attachment-qi_addons_for_elementor_image_size_square size-qi_addons_for_elementor_image_size_square\" alt=\"\" srcset=\"https:\/\/pawolotek.com\/wp-content\/uploads\/2022\/12\/favicon-monde-nouveau.jpg 400w, https:\/\/pawolotek.com\/wp-content\/uploads\/2022\/12\/favicon-monde-nouveau-300x300.jpg 300w, https:\/\/pawolotek.com\/wp-content\/uploads\/2022\/12\/favicon-monde-nouveau-150x150.jpg 150w\" sizes=\"(max-width: 400px) 100vw, 400px\" \/>\t\t\t\t\t<\/div>\n\t\t\t\t\t\t\t<\/div>\n\t\t<\/div>\n\t\t\t\t\t\t\t\t\t\t\t\t\t<div class=\"qodef-e-parallax-image qodef-position--bottom-right elementor-repeater-item-d00b246\" >\n\t\t\t\t\t<img decoding=\"async\" width=\"150\" height=\"150\" src=\"https:\/\/pawolotek.com\/wp-content\/uploads\/2022\/11\/3-150x150.png\" class=\"attachment-thumbnail size-thumbnail\" alt=\"\" srcset=\"https:\/\/pawolotek.com\/wp-content\/uploads\/2022\/11\/3-150x150.png 150w, https:\/\/pawolotek.com\/wp-content\/uploads\/2022\/11\/3-300x300.png 300w, https:\/\/pawolotek.com\/wp-content\/uploads\/2022\/11\/3.png 500w\" sizes=\"(max-width: 150px) 100vw, 150px\" \/>\t\t\t\t<\/div>\n\t\t\t\t\t\t<\/div>\n<\/div>\n\t\t\t\t<\/div>\n\t\t\t\t<\/div>\n\t\t\t\t\t<\/div>\n\t\t<\/div>\n\t\t\t\t<div class=\"elementor-column elementor-col-50 elementor-top-column elementor-element elementor-element-03b7dcb\" data-id=\"03b7dcb\" data-element_type=\"column\" data-e-type=\"column\">\n\t\t\t<div class=\"elementor-widget-wrap elementor-element-populated\">\n\t\t\t\t\t\t<div class=\"elementor-element elementor-element-2e410ee elementor-widget elementor-widget-text-editor\" data-id=\"2e410ee\" data-element_type=\"widget\" data-e-type=\"widget\" data-widget_type=\"text-editor.default\">\n\t\t\t\t<div class=\"elementor-widget-container\">\n\t\t\t\t\t\t\t\t\t<p><span style=\"font-weight: 400;\">La p\u00e9riode que nous traversons depuis plus d\u2019un an s\u00e9pare bien deux \u00e9poques. Une \u00e9vidence s\u2019impose \u00e0 celles et ceux qui s\u2019efforcent d\u2019en d\u00e9gager la port\u00e9e historique\u2009: tout est \u00e0 refaire. Aussi cette p\u00e9riode d\u2019entre-deux, qui flirte avec la catastrophe, invite-t-elle \u00e0 se ressaisir, pour t\u00e2cher de tirer un bilan du pass\u00e9, dresser un portrait du pr\u00e9sent, mais aussi r\u00eaver de mondes nouveaux.<\/span><\/p><p><span style=\"font-weight: 400;\">Des mondes nouveaux et surtout pas un Nouveau Monde. Des mondes \u00e0 penser, \u00e0 cr\u00e9er, \u00e0 construire, \u00e0 accueillir, mais pas \u00e0 conqu\u00e9rir. Des mondes nouveaux, riches de promesses. Car peut-\u00eatre a-t-on oubli\u00e9 que les artistes, les cr\u00e9atrices et cr\u00e9ateurs \u00e9taient les mieux \u00e0 m\u00eame de r\u00e9pondre \u00e0 nos aspirations, les acteurs essentiels de nos transformations, les meilleurs interpr\u00e8tes, aussi, du tremblement du temps.<\/span><\/p><p>\u00a0<\/p>\t\t\t\t\t\t\t\t<\/div>\n\t\t\t\t<\/div>\n\t\t\t\t\t<\/div>\n\t\t<\/div>\n\t\t\t\t\t<\/div>\n\t\t<\/section>\n\t\t\t\t<section class=\"elementor-section elementor-top-section elementor-element elementor-element-b70f134 elementor-section-boxed elementor-section-height-default elementor-section-height-default qodef-elementor-content-no\" data-id=\"b70f134\" data-element_type=\"section\" data-e-type=\"section\">\n\t\t\t\t\t\t<div class=\"elementor-container elementor-column-gap-default\">\n\t\t\t\t\t<div class=\"elementor-column elementor-col-100 elementor-top-column elementor-element elementor-element-ae1b2c8\" data-id=\"ae1b2c8\" data-element_type=\"column\" data-e-type=\"column\" data-settings=\"{&quot;background_background&quot;:&quot;classic&quot;}\">\n\t\t\t<div class=\"elementor-widget-wrap elementor-element-populated\">\n\t\t\t\t\t\t<div class=\"elementor-element elementor-element-61b572f elementor-widget elementor-widget-heading\" data-id=\"61b572f\" data-element_type=\"widget\" data-e-type=\"widget\" data-widget_type=\"heading.default\">\n\t\t\t\t<div class=\"elementor-widget-container\">\n\t\t\t\t\t<h2 class=\"elementor-heading-title elementor-size-default\">Un monde nouveau<\/h2>\t\t\t\t<\/div>\n\t\t\t\t<\/div>\n\t\t\t\t\t<\/div>\n\t\t<\/div>\n\t\t\t\t\t<\/div>\n\t\t<\/section>\n\t\t\t\t<section class=\"elementor-section elementor-top-section elementor-element elementor-element-3c915dd elementor-section-boxed elementor-section-height-default elementor-section-height-default qodef-elementor-content-no\" data-id=\"3c915dd\" data-element_type=\"section\" data-e-type=\"section\">\n\t\t\t\t\t\t<div class=\"elementor-container elementor-column-gap-default\">\n\t\t\t\t\t<div class=\"elementor-column elementor-col-100 elementor-top-column elementor-element elementor-element-3c8c156\" data-id=\"3c8c156\" data-element_type=\"column\" data-e-type=\"column\" data-settings=\"{&quot;background_background&quot;:&quot;classic&quot;}\">\n\t\t\t<div class=\"elementor-widget-wrap elementor-element-populated\">\n\t\t\t\t\t\t<div class=\"elementor-element elementor-element-e6c8edc elementor-widget elementor-widget-text-editor\" data-id=\"e6c8edc\" data-element_type=\"widget\" data-e-type=\"widget\" data-widget_type=\"text-editor.default\">\n\t\t\t\t<div class=\"elementor-widget-container\">\n\t\t\t\t\t\t\t\t\t<p><span style=\"font-weight: 400;\">Un monde nouveau peut \u00eatre un microcosme\u2009: une fiction, une sc\u00e8ne, un espace, un geste, un objet, une forme, un son. Sachons l\u2019embrasser avec enthousiasme et le couvrir d\u2019une attente anxieuse. Qui, sinon les artistes une fois encore, seuls ou collectivement, ouvrent \u00e0 ces possibles, \u00e0 ces horizons, avec les outils extraordinairement divers qui sont les leurs\u2009? Comment alors ne pas vouloir se saisir de l\u2019opportunit\u00e9 qui nous est ici offerte de les accompagner\u2009? De leur offrir l\u2019hospitalit\u00e9\u2009? De leur permettre de choisir un lieu, de le faire vivre ou revivre, d\u2019y faire \u0153uvre, d\u2019y rencontrer ou de se cr\u00e9er un public\u2009?<\/span><\/p><p><span style=\"font-weight: 400;\">Ces propositions s\u2019\u00e9laborent \u00e0 partir d\u2019un protocole simple. Elles sollicitent une jeunesse venue de tous les horizons, des cr\u00e9atrices et cr\u00e9ateurs de toutes les communaut\u00e9s artistiques et intellectuelles. Chaque dossier est dot\u00e9 d\u2019une bourse d\u2019\u00e9tude \u00e0 m\u00eame de donner \u00e0 chacun et \u00e0 chacune les moyens de s\u2019engager. Et les projets eux-m\u00eames seront soutenus jusqu\u2019\u00e0 leur terme, au gr\u00e9 des diff\u00e9rents sites et lieux de tous ordres pr\u00eats \u00e0 les accueillir.<\/span><\/p><p><span style=\"font-weight: 400;\">Initi\u00e9es aujourd\u2019hui, elles proc\u00e8dent d\u2019un dialogue avec celles et ceux qui, conscients que la cr\u00e9ation est d\u2019abord une question de sens, se sentiront pr\u00e9occup\u00e9s par la place de leurs \u0153uvres dans notre soci\u00e9t\u00e9, au c\u0153ur d\u2019un monde qui a pour mission de se reconstruire.<\/span><\/p>\t\t\t\t\t\t\t\t<\/div>\n\t\t\t\t<\/div>\n\t\t\t\t\t<\/div>\n\t\t<\/div>\n\t\t\t\t\t<\/div>\n\t\t<\/section>\n\t\t\t\t<section class=\"elementor-section elementor-top-section elementor-element elementor-element-e600596 elementor-section-boxed elementor-section-height-default elementor-section-height-default qodef-elementor-content-no\" data-id=\"e600596\" data-element_type=\"section\" data-e-type=\"section\">\n\t\t\t\t\t\t<div class=\"elementor-container elementor-column-gap-default\">\n\t\t\t\t\t<div class=\"elementor-column elementor-col-100 elementor-top-column elementor-element elementor-element-76bb76f\" data-id=\"76bb76f\" data-element_type=\"column\" data-e-type=\"column\">\n\t\t\t<div class=\"elementor-widget-wrap elementor-element-populated\">\n\t\t\t\t\t\t<div class=\"elementor-element elementor-element-6ae49d5 elementor-widget elementor-widget-accordion\" data-id=\"6ae49d5\" data-element_type=\"widget\" data-e-type=\"widget\" data-widget_type=\"accordion.default\">\n\t\t\t\t<div class=\"elementor-widget-container\">\n\t\t\t\t\t\t\t<div class=\"elementor-accordion\">\n\t\t\t\t\t\t\t<div class=\"elementor-accordion-item\">\n\t\t\t\t\t<div id=\"elementor-tab-title-1121\" class=\"elementor-tab-title\" data-tab=\"1\" role=\"button\" aria-controls=\"elementor-tab-content-1121\" aria-expanded=\"false\">\n\t\t\t\t\t\t\t\t\t\t\t\t\t<span class=\"elementor-accordion-icon elementor-accordion-icon-left\" aria-hidden=\"true\">\n\t\t\t\t\t\t\t\t\t\t\t\t\t\t\t<span class=\"elementor-accordion-icon-closed\"><i class=\"fas fa-plus\"><\/i><\/span>\n\t\t\t\t\t\t\t\t<span class=\"elementor-accordion-icon-opened\"><i class=\"fas fa-minus\"><\/i><\/span>\n\t\t\t\t\t\t\t\t\t\t\t\t\t\t<\/span>\n\t\t\t\t\t\t\t\t\t\t\t\t<a class=\"elementor-accordion-title\" tabindex=\"0\">En savoir plus<\/a>\n\t\t\t\t\t<\/div>\n\t\t\t\t\t<div id=\"elementor-tab-content-1121\" class=\"elementor-tab-content elementor-clearfix\" data-tab=\"1\" role=\"region\" aria-labelledby=\"elementor-tab-title-1121\"><p><span style=\"font-weight: 400;\">Pour inventer ces Mondes nouveaux, le programme fait le pari de l\u2019audace et de la cr\u00e9ation. Au cours de l\u2019ann\u00e9e 2022, partout en France et notamment dans les Outre-mer, 430 artistes vont concevoir et pr\u00e9senter une \u0153uvre originale. Toutes les disciplines seront repr\u00e9sent\u00e9es &#8211; arts visuels, musique, \u00e9critures, spectacle vivant, design et arts appliqu\u00e9s &#8211; dont certaines crois\u00e9es dans le cadre de projets port\u00e9s par des collectifs. Toutes ces cr\u00e9ations exprimeront notre mani\u00e8re, renouvel\u00e9e, d\u2019\u00eatre au monde et de l\u2019habiter.<\/span><\/p><p><span style=\"font-weight: 400;\">R\u00e9enchanter le monde, c\u2019est l\u2019objectif de Mondes nouveaux, un programme novateur qui donne carte blanche aux artistes dans tous les champs de la cr\u00e9ation contemporaine.<\/span><\/p><p><span style=\"font-weight: 400;\">Mondes nouveaux, c&rsquo;est&#8230;<\/span><\/p><ul><li><span style=\"font-weight: 400;\">430 cr\u00e9ateurs et cr\u00e9atrices <\/span>s\u00e9lectionn\u00e9s<\/li><li><span style=\"font-weight: 400;\">264 projets <\/span>dans toute la France<\/li><\/ul><p><span style=\"font-weight: 400;\">Plus de 3000 projets ont \u00e9t\u00e9 soumis au comit\u00e9 artistique que pr\u00e9side Bernard Blist\u00e8ne, ancien directeur du Mus\u00e9e national d&rsquo;art moderne au Centre Pompidou. C\u2019est en portant une attention particuli\u00e8re \u00e0 la jeunesse, 60% des artistes ayant moins de 40 ans, et \u00e0 l\u2019hybridation des pratiques, avec 85 collectifs, que les projets ont \u00e9t\u00e9 s\u00e9lectionn\u00e9s. \u00ab Mondes nouveaux \u00bb offre \u00e0 des cr\u00e9ateurs et cr\u00e9atrices, en devenir ou d\u00e9j\u00e0 reconnus, l\u2019opportunit\u00e9 de r\u00e9v\u00e9ler toute leur \u00e9nergie et leur vitalit\u00e9.<\/span><\/p><p><span style=\"font-weight: 400;\">A l\u2019oppos\u00e9 de la logique de commande artistique, \u00ab Mondes nouveaux \u00bb propose \u00e0 l\u2019ensemble des artistes s\u00e9lectionn\u00e9s un territoire d\u2019expression, un soutien p\u00e9renne et un accompagnement du comit\u00e9 artistique. Le programme documentera tout au long des prochains mois le public sur le processus de cr\u00e9ation et de conception de chaque \u0153uvre. \u00ab Mondes nouveaux \u00bb b\u00e9n\u00e9ficie d\u2019un budget de 30 millions d\u2019euros dans le cadre du plan France relance du Gouvernement.<\/span><\/p><\/div>\n\t\t\t\t<\/div>\n\t\t\t\t\t\t\t\t<\/div>\n\t\t\t\t\t\t<\/div>\n\t\t\t\t<\/div>\n\t\t\t\t\t<\/div>\n\t\t<\/div>\n\t\t\t\t\t<\/div>\n\t\t<\/section>\n\t\t\t\t<\/div>\n\t\t","protected":false},"excerpt":{"rendered":"<p>La p\u00e9riode que nous traversons depuis plus d\u2019un an s\u00e9pare bien deux \u00e9poques. Une \u00e9vidence s\u2019impose \u00e0 celles et ceux qui s\u2019efforcent d\u2019en d\u00e9gager la port\u00e9e historique\u2009: tout est \u00e0 refaire. Aussi cette p\u00e9riode d\u2019entre-deux, qui flirte avec la catastrophe, invite-t-elle \u00e0 se ressaisir, pour t\u00e2cher de tirer un bilan du pass\u00e9, dresser un portrait [&hellip;]<\/p>\n","protected":false},"author":1,"featured_media":0,"parent":0,"menu_order":0,"comment_status":"closed","ping_status":"closed","template":"","meta":{"footnotes":""},"class_list":["post-711","page","type-page","status-publish","hentry"],"_links":{"self":[{"href":"https:\/\/pawolotek.com\/index.php\/wp-json\/wp\/v2\/pages\/711","targetHints":{"allow":["GET"]}}],"collection":[{"href":"https:\/\/pawolotek.com\/index.php\/wp-json\/wp\/v2\/pages"}],"about":[{"href":"https:\/\/pawolotek.com\/index.php\/wp-json\/wp\/v2\/types\/page"}],"author":[{"embeddable":true,"href":"https:\/\/pawolotek.com\/index.php\/wp-json\/wp\/v2\/users\/1"}],"replies":[{"embeddable":true,"href":"https:\/\/pawolotek.com\/index.php\/wp-json\/wp\/v2\/comments?post=711"}],"version-history":[{"count":10,"href":"https:\/\/pawolotek.com\/index.php\/wp-json\/wp\/v2\/pages\/711\/revisions"}],"predecessor-version":[{"id":899,"href":"https:\/\/pawolotek.com\/index.php\/wp-json\/wp\/v2\/pages\/711\/revisions\/899"}],"wp:attachment":[{"href":"https:\/\/pawolotek.com\/index.php\/wp-json\/wp\/v2\/media?parent=711"}],"curies":[{"name":"wp","href":"https:\/\/api.w.org\/{rel}","templated":true}]}}