{"id":705,"date":"2022-12-15T12:45:52","date_gmt":"2022-12-15T12:45:52","guid":{"rendered":"https:\/\/pawolotek.com\/?page_id=705"},"modified":"2022-12-17T08:18:23","modified_gmt":"2022-12-17T08:18:23","slug":"projet","status":"publish","type":"page","link":"https:\/\/pawolotek.com\/index.php\/projet\/","title":{"rendered":"Projet"},"content":{"rendered":"\t\t<div data-elementor-type=\"wp-page\" data-elementor-id=\"705\" class=\"elementor elementor-705\" data-elementor-post-type=\"page\">\n\t\t\t\t\t\t<section class=\"elementor-section elementor-top-section elementor-element elementor-element-d556fa3 elementor-section-stretched elementor-section-boxed elementor-section-height-default elementor-section-height-default qodef-elementor-content-no\" data-id=\"d556fa3\" data-element_type=\"section\" data-e-type=\"section\" data-settings=\"{&quot;stretch_section&quot;:&quot;section-stretched&quot;}\">\n\t\t\t\t\t\t<div class=\"elementor-container elementor-column-gap-default\">\n\t\t\t\t\t<div class=\"elementor-column elementor-col-50 elementor-top-column elementor-element elementor-element-0368aad\" data-id=\"0368aad\" data-element_type=\"column\" data-e-type=\"column\">\n\t\t\t<div class=\"elementor-widget-wrap elementor-element-populated\">\n\t\t\t\t\t\t<div class=\"elementor-element elementor-element-4de8e93 elementor-arrows-position-inside elementor-pagination-position-outside elementor-widget elementor-widget-image-carousel\" data-id=\"4de8e93\" data-element_type=\"widget\" data-e-type=\"widget\" data-settings=\"{&quot;slides_to_show&quot;:&quot;1&quot;,&quot;navigation&quot;:&quot;both&quot;,&quot;autoplay&quot;:&quot;yes&quot;,&quot;pause_on_hover&quot;:&quot;yes&quot;,&quot;pause_on_interaction&quot;:&quot;yes&quot;,&quot;autoplay_speed&quot;:5000,&quot;infinite&quot;:&quot;yes&quot;,&quot;effect&quot;:&quot;slide&quot;,&quot;speed&quot;:500}\" data-widget_type=\"image-carousel.default\">\n\t\t\t\t<div class=\"elementor-widget-container\">\n\t\t\t\t\t\t\t<div class=\"elementor-image-carousel-wrapper swiper\" role=\"region\" aria-roledescription=\"carousel\" aria-label=\"Carrousel d\u2019images\" dir=\"ltr\">\n\t\t\t<div class=\"elementor-image-carousel swiper-wrapper\" aria-live=\"off\">\n\t\t\t\t\t\t\t\t<div class=\"swiper-slide\" role=\"group\" aria-roledescription=\"slide\" aria-label=\"1 sur 5\"><figure class=\"swiper-slide-inner\"><img decoding=\"async\" class=\"swiper-slide-image\" src=\"https:\/\/pawolotek.com\/wp-content\/uploads\/2022\/10\/WhatsApp-Image-2022-10-06-at-14.03.19-2-650x650.jpeg\" alt=\"WhatsApp Image 2022-10-06 at 14.03.19 (2)\" \/><\/figure><\/div><div class=\"swiper-slide\" role=\"group\" aria-roledescription=\"slide\" aria-label=\"2 sur 5\"><figure class=\"swiper-slide-inner\"><img decoding=\"async\" class=\"swiper-slide-image\" src=\"https:\/\/pawolotek.com\/wp-content\/uploads\/2022\/10\/WhatsApp-Image-2022-10-06-at-14.03.19-4-650x650.jpeg\" alt=\"WhatsApp Image 2022-10-06 at 14.03.19 (4)\" \/><\/figure><\/div><div class=\"swiper-slide\" role=\"group\" aria-roledescription=\"slide\" aria-label=\"3 sur 5\"><figure class=\"swiper-slide-inner\"><img decoding=\"async\" class=\"swiper-slide-image\" src=\"https:\/\/pawolotek.com\/wp-content\/uploads\/2022\/10\/WhatsApp-Image-2022-10-06-at-14.03.19-6-650x650.jpeg\" alt=\"WhatsApp Image 2022-10-06 at 14.03.19 (6)\" \/><\/figure><\/div><div class=\"swiper-slide\" role=\"group\" aria-roledescription=\"slide\" aria-label=\"4 sur 5\"><figure class=\"swiper-slide-inner\"><img decoding=\"async\" class=\"swiper-slide-image\" src=\"https:\/\/pawolotek.com\/wp-content\/uploads\/2022\/10\/WhatsApp-Image-2022-10-06-at-14.03.19-1-650x650.jpeg\" alt=\"WhatsApp Image 2022-10-06 at 14.03.19 (1)\" \/><\/figure><\/div><div class=\"swiper-slide\" role=\"group\" aria-roledescription=\"slide\" aria-label=\"5 sur 5\"><figure class=\"swiper-slide-inner\"><img decoding=\"async\" class=\"swiper-slide-image\" src=\"https:\/\/pawolotek.com\/wp-content\/uploads\/2022\/10\/WhatsApp-Image-2022-10-06-at-14.03.19-8-650x650.jpeg\" alt=\"WhatsApp Image 2022-10-06 at 14.03.19 (8)\" \/><\/figure><\/div>\t\t\t<\/div>\n\t\t\t\t\t\t\t\t\t\t\t\t<div class=\"elementor-swiper-button elementor-swiper-button-prev\" role=\"button\" tabindex=\"0\">\n\t\t\t\t\t\t<i aria-hidden=\"true\" class=\"fas fa-long-arrow-alt-left\"><\/i>\t\t\t\t\t<\/div>\n\t\t\t\t\t<div class=\"elementor-swiper-button elementor-swiper-button-next\" role=\"button\" tabindex=\"0\">\n\t\t\t\t\t\t<i aria-hidden=\"true\" class=\"fas fa-long-arrow-alt-right\"><\/i>\t\t\t\t\t<\/div>\n\t\t\t\t\n\t\t\t\t\t\t\t\t\t<div class=\"swiper-pagination\"><\/div>\n\t\t\t\t\t\t\t\t\t<\/div>\n\t\t\t\t\t\t<\/div>\n\t\t\t\t<\/div>\n\t\t\t\t\t<\/div>\n\t\t<\/div>\n\t\t\t\t<div class=\"elementor-column elementor-col-50 elementor-top-column elementor-element elementor-element-dda5d32\" data-id=\"dda5d32\" data-element_type=\"column\" data-e-type=\"column\">\n\t\t\t<div class=\"elementor-widget-wrap elementor-element-populated\">\n\t\t\t\t\t\t<div class=\"elementor-element elementor-element-09dced3 elementor-widget elementor-widget-qi_addons_for_elementor_tabs_vertical\" data-id=\"09dced3\" data-element_type=\"widget\" data-e-type=\"widget\" data-widget_type=\"qi_addons_for_elementor_tabs_vertical.default\">\n\t\t\t\t<div class=\"elementor-widget-container\">\n\t\t\t\t\t<div class=\"qodef-shortcode qodef-m qodef-qi-tabs-vertical qodef-qi-clear qodef-layout--simple qodef-responsive--680 qodef-title-hover--sideline-draw qodef-title-sideline-from-top\">\n\t<ul class=\"qodef-tabs-vertical-navigation\">\n\t\t<li>\n\t<h5 class=\"qodef-tab-title\" role=\"tab\">\n\t\t<a href=\"#qodef-tab-1987107\">\n\t\t\t<span class=\"q-text\">\n\t\t\t\tKreyol\t\t\t<\/span>\n\t\t<\/a>\n\t<\/h5>\n<\/li>\n<li>\n\t<h5 class=\"qodef-tab-title\" role=\"tab\">\n\t\t<a href=\"#qodef-tab-c569312\">\n\t\t\t<span class=\"q-text\">\n\t\t\t\tFran\u00e7ais\t\t\t<\/span>\n\t\t<\/a>\n\t<\/h5>\n<\/li>\n<li>\n\t<h5 class=\"qodef-tab-title\" role=\"tab\">\n\t\t<a href=\"#qodef-tab-ec49c3d\">\n\t\t\t<span class=\"q-text\">\n\t\t\t\tEnglish\t\t\t<\/span>\n\t\t<\/a>\n\t<\/h5>\n<\/li>\n\t<\/ul>\n\t<div class=\"qodef-tabs-vertical-content\" id=\"qodef-tab-1987107\">\n\t<p><span style=\"font-weight: 400\">Paw\u00f2lotek s\u00e9 an pwogram kiltirel ek artistik ka montr\u00e9 sosi\u00e9t\u00e9 moun Matinik asou wot\u00e8 son ek manni\u00e8 pal\u00e9 kr\u00e9y\u00f2l.\u00a0<\/span><\/p><p><span style=\"font-weight: 400\">Pandan mwa juiy\u00e9 ek \u00f2kt\u00f2b 2022, artis Simone Lagrand f\u00e8 an won Matinik pou kout\u00e9-grav\u00e9 moun p\u00e9yi-a ki t\u00e9 ka bokant\u00e9 \u00e9pi\u2019y an kr\u00e9y\u00f2l.\u00a0<\/span><\/p><p><span style=\"font-weight: 400\">S\u00e9 an pwogram ka f\u00e8t anba l\u00f2psion Minist\u00e8 Lakilti anFrans ek France Relance adan an label ki s\u00e9 Mondes Nouveaux kant\u00e9kant \u00e9pi Kons\u00e8wvatwa nasional litoral.\u00a0<\/span><\/p><p><span style=\"font-weight: 400\">Ni d\u00e9 t\u00e8knoloji ka soutien proj\u00e8-a : an www. kot\u00e9 ou p\u00e9 kout\u00e9 anrejistreman, kr\u00e9yasion \u00e9pi son ek katjil langannistik. Lann\u00e9 2023, k\u00e9 ni an aplikasion pou t\u00e9l\u00e9f\u00f2n k\u00e8\u2019y f\u00e8t tou. <\/span><\/p><\/div>\n<div class=\"qodef-tabs-vertical-content\" id=\"qodef-tab-c569312\">\n\t<p><span style=\"font-weight: 400\">Paw\u00f2lotek - Panorama du parler martiniquais est un programme artistique et culturel qui vise \u00e0 dresser un portrait sonore de la soci\u00e9t\u00e9 martiniquaise \u00e0 travers l\u2019exp\u00e9rience de la langue cr\u00e9ole.\u00a0<\/span><\/p><p><span style=\"font-weight: 400\">En juillet et octobre 2022, l\u2019artiste Simone Lagrand a sillonn\u00e9 le territoire pour enregistrer des martiniquais.es avec qui elle a \u00e9chang\u00e9 en cr\u00e9ole.\u00a0<\/span><\/p><p><span style=\"font-weight: 400\">Ce programme soutenu par le Minist\u00e8re de la Culture et France Relance est r\u00e9alis\u00e9 sous le label Mondes nouveaux en collaboration avec le Conservatoire national du littoral.\u00a0<\/span><\/p><p><span style=\"font-weight: 400\">Le projet se concr\u00e9tise par un dispositif en deux technologies : un portail internet regroupant des extraits d\u2019enregistrements, des cr\u00e9ations sonores et des entr\u00e9es lexicales; et une application mobile en projet pour l\u2019ann\u00e9e 2023.<\/span><\/p><\/div>\n<div class=\"qodef-tabs-vertical-content\" id=\"qodef-tab-ec49c3d\">\n\t<p><span style=\"font-weight: 400\">Paw\u00f2lotek - Panorama du parler martiniquais is an artistic and cultural program that aims to paint a sound portrait of Martinique society through the experience of the Creole language.\u00a0<\/span><\/p><p><span style=\"font-weight: 400\">In july and october 2022, artist Simone Lagrand criss-crossed the island to meet and record people speaking in Creole.\u00a0<\/span><\/p><p><span style=\"font-weight: 400\">This program supported by the french Ministry of Culture and France Relance is realized under the label \u201cMondes nouveaux\u201d in collaboration with the national Conservatoire du littoral.\u00a0<\/span><\/p><p><span style=\"font-weight: 400\">The project is materialized by a device in two technologies: an internet portal gathering recordings, creative pieces and lexical keys; and a mobile application due for 2023.<\/span><\/p><\/div>\n<\/div>\n\t\t\t\t<\/div>\n\t\t\t\t<\/div>\n\t\t\t\t<div class=\"elementor-element elementor-element-35c4ebc elementor-align-center elementor-widget elementor-widget-button\" data-id=\"35c4ebc\" data-element_type=\"widget\" data-e-type=\"widget\" data-widget_type=\"button.default\">\n\t\t\t\t<div class=\"elementor-widget-container\">\n\t\t\t\t\t\t\t\t\t<div class=\"elementor-button-wrapper\">\n\t\t\t\t\t<a class=\"elementor-button elementor-button-link elementor-size-md\" href=\"https:\/\/pawolotek.com\/index.php\/projet\/\">\n\t\t\t\t\t\t<span class=\"elementor-button-content-wrapper\">\n\t\t\t\t\t\t<span class=\"elementor-button-icon\">\n\t\t\t\t<i aria-hidden=\"true\" class=\"fas fa-arrow-right\"><\/i>\t\t\t<\/span>\n\t\t\t\t\t\t\t\t\t<span class=\"elementor-button-text\">En savoir plus<\/span>\n\t\t\t\t\t<\/span>\n\t\t\t\t\t<\/a>\n\t\t\t\t<\/div>\n\t\t\t\t\t\t\t\t<\/div>\n\t\t\t\t<\/div>\n\t\t\t\t\t<\/div>\n\t\t<\/div>\n\t\t\t\t\t<\/div>\n\t\t<\/section>\n\t\t\t\t<section class=\"elementor-section elementor-top-section elementor-element elementor-element-02f87ab elementor-section-boxed elementor-section-height-default elementor-section-height-default qodef-elementor-content-no\" data-id=\"02f87ab\" data-element_type=\"section\" data-e-type=\"section\">\n\t\t\t\t\t\t<div class=\"elementor-container elementor-column-gap-default\">\n\t\t\t\t\t<div class=\"elementor-column elementor-col-100 elementor-top-column elementor-element elementor-element-2dcaacf\" data-id=\"2dcaacf\" data-element_type=\"column\" data-e-type=\"column\" data-settings=\"{&quot;background_background&quot;:&quot;classic&quot;}\">\n\t\t\t<div class=\"elementor-widget-wrap elementor-element-populated\">\n\t\t\t\t\t\t<div class=\"elementor-element elementor-element-7ba5ec7 elementor-widget elementor-widget-heading\" data-id=\"7ba5ec7\" data-element_type=\"widget\" data-e-type=\"widget\" data-widget_type=\"heading.default\">\n\t\t\t\t<div class=\"elementor-widget-container\">\n\t\t\t\t\t<h2 class=\"elementor-heading-title elementor-size-default\">Objectifs<\/h2>\t\t\t\t<\/div>\n\t\t\t\t<\/div>\n\t\t\t\t\t<\/div>\n\t\t<\/div>\n\t\t\t\t\t<\/div>\n\t\t<\/section>\n\t\t\t\t<section class=\"elementor-section elementor-top-section elementor-element elementor-element-6e807c9 elementor-section-boxed elementor-section-height-default elementor-section-height-default qodef-elementor-content-no\" data-id=\"6e807c9\" data-element_type=\"section\" data-e-type=\"section\">\n\t\t\t\t\t\t<div class=\"elementor-container elementor-column-gap-default\">\n\t\t\t\t\t<div class=\"elementor-column elementor-col-50 elementor-top-column elementor-element elementor-element-902b783\" data-id=\"902b783\" data-element_type=\"column\" data-e-type=\"column\" data-settings=\"{&quot;background_background&quot;:&quot;classic&quot;}\">\n\t\t\t<div class=\"elementor-widget-wrap elementor-element-populated\">\n\t\t\t\t\t\t<div class=\"elementor-element elementor-element-43fd12a elementor-widget elementor-widget-text-editor\" data-id=\"43fd12a\" data-element_type=\"widget\" data-e-type=\"widget\" data-widget_type=\"text-editor.default\">\n\t\t\t\t<div class=\"elementor-widget-container\">\n\t\t\t\t\t\t\t\t\t<p>Les enregistrements r\u00e9alis\u00e9s par Simone Lagrand contribueront au portrait sonore des pratiques langagi\u00e8res dans la Cara\u00efbe et en France.<\/p>\t\t\t\t\t\t\t\t<\/div>\n\t\t\t\t<\/div>\n\t\t\t\t\t<\/div>\n\t\t<\/div>\n\t\t\t\t<div class=\"elementor-column elementor-col-50 elementor-top-column elementor-element elementor-element-c12dfaf\" data-id=\"c12dfaf\" data-element_type=\"column\" data-e-type=\"column\" data-settings=\"{&quot;background_background&quot;:&quot;classic&quot;}\">\n\t\t\t<div class=\"elementor-widget-wrap elementor-element-populated\">\n\t\t\t\t\t\t<div class=\"elementor-element elementor-element-4490a4b elementor-widget elementor-widget-text-editor\" data-id=\"4490a4b\" data-element_type=\"widget\" data-e-type=\"widget\" data-widget_type=\"text-editor.default\">\n\t\t\t\t<div class=\"elementor-widget-container\">\n\t\t\t\t\t\t\t\t\t<p><span style=\"font-weight: 400;\">Une plateforme et une ressource. Les enregistrements collect\u00e9s constitueront une ressource pour l\u2019enseignement ou la cr\u00e9ation artistique.<\/span><\/p>\t\t\t\t\t\t\t\t<\/div>\n\t\t\t\t<\/div>\n\t\t\t\t\t<\/div>\n\t\t<\/div>\n\t\t\t\t\t<\/div>\n\t\t<\/section>\n\t\t\t\t<section class=\"elementor-section elementor-top-section elementor-element elementor-element-8e37917 elementor-section-stretched elementor-section-boxed elementor-section-height-default elementor-section-height-default qodef-elementor-content-no\" data-id=\"8e37917\" data-element_type=\"section\" data-e-type=\"section\" data-settings=\"{&quot;stretch_section&quot;:&quot;section-stretched&quot;}\">\n\t\t\t\t\t\t<div class=\"elementor-container elementor-column-gap-default\">\n\t\t\t\t\t<div class=\"elementor-column elementor-col-100 elementor-top-column elementor-element elementor-element-318d155\" data-id=\"318d155\" data-element_type=\"column\" data-e-type=\"column\">\n\t\t\t<div class=\"elementor-widget-wrap elementor-element-populated\">\n\t\t\t\t\t\t<div class=\"elementor-element elementor-element-551ba2c elementor-widget elementor-widget-heading\" data-id=\"551ba2c\" data-element_type=\"widget\" data-e-type=\"widget\" data-widget_type=\"heading.default\">\n\t\t\t\t<div class=\"elementor-widget-container\">\n\t\t\t\t\t<h2 class=\"elementor-heading-title elementor-size-default\">Contexte<\/h2>\t\t\t\t<\/div>\n\t\t\t\t<\/div>\n\t\t\t\t<div class=\"elementor-element elementor-element-3c01acb elementor-blockquote--skin-border elementor-widget elementor-widget-blockquote\" data-id=\"3c01acb\" data-element_type=\"widget\" data-e-type=\"widget\" data-widget_type=\"blockquote.default\">\n\t\t\t\t<div class=\"elementor-widget-container\">\n\t\t\t\t\t\t\t<blockquote class=\"elementor-blockquote\">\n\t\t\t<p class=\"elementor-blockquote__content\">\n\t\t\t\t\u201cUne communaut\u00e9 qui veut pr\u00e9server et enrichir son identit\u00e9, doit s\u2019attacher prioritairement \u00e0 pr\u00e9server, ensuite \u00e0 accro\u00eetre le potentiel de cr\u00e9ativit\u00e9 de sa langue. C\u2019est la langue qui porte tous les autres langages exprimant la cr\u00e9ativit\u00e9 d\u2019un peuple\u201d\t\t\t<\/p>\n\t\t\t\t\t\t\t<div class=\"e-q-footer\">\n\t\t\t\t\t\t\t\t\t\t\t<cite class=\"elementor-blockquote__author\">Monchoachi - Retour \u00e0 la parole sauvage<\/cite>\n\t\t\t\t\t\t\t\t\t\t\t\t\t\t<\/div>\n\t\t\t\t\t<\/blockquote>\n\t\t\t\t\t\t<\/div>\n\t\t\t\t<\/div>\n\t\t\t\t<div class=\"elementor-element elementor-element-80294b9 elementor-widget elementor-widget-text-editor\" data-id=\"80294b9\" data-element_type=\"widget\" data-e-type=\"widget\" data-widget_type=\"text-editor.default\">\n\t\t\t\t<div class=\"elementor-widget-container\">\n\t\t\t\t\t\t\t\t\t<p><span style=\"font-weight: 400;\">On ne peut parler de mondes nouveaux sans penser \u00e0 l\u2019importance du sensible, de la joie, de l\u2019\u00e9closion. Quand il s\u2019agit de la Martinique, il est crucial d\u2019associer la parole au d\u00e9ploiement.\u00a0<\/span><\/p><p><span style=\"font-weight: 400;\">En Martinique, la culture, le patrimoine et l&rsquo;identit\u00e9, en tant que manifestations concomitantes de la m\u00e9moire collective (familiale, sociale, culturelle), font face \u00e0 une \u00e9rosion progressive d\u00e9pla\u00e7ant petit \u00e0 petit la m\u00e9moire.\u00a0<\/span><\/p><p><span style=\"font-weight: 400;\">Jusqu\u2019o\u00f9 cet effacement peut-il aller?\u00a0<\/span><\/p><p><span style=\"font-weight: 400;\">Certes, une langue vivante est toujours amen\u00e9e \u00e0 changer et les expressions, mots, concepts cr\u00e9oles que l\u2019on rencontre aujourd\u2019hui sont parfois tr\u00e8s \u00e9loign\u00e9s de leur forme d&rsquo;origine.\u00a0<\/span><\/p><p><span style=\"font-weight: 400;\">Cependant, un noyau dur r\u00e9siste. Car, tant\u00f4t mat\u00e9riaux phonatoires, contenus, supports et porteurs de sens du message, les mots prennent en charge une part essentielle de la soci\u00e9t\u00e9: la transcription linguistique d\u2019un sentiment. Un sentiment qui \u00e9volue mais ne peut oublier de quel endroit de l\u2019histoire il vient.\u00a0<\/span><\/p><p><span style=\"font-weight: 400;\">Cet espace symbolique o\u00f9 le sensible se forme et se partage, fait partie des pr\u00e9occupations d\u2019\u00e9criture de l\u2019artiste.<\/span><\/p><p><span style=\"font-weight: 400;\">Avec ce projet, c\u2019est tout un travail de conservation de traces sonores de faits de langue qui s\u2019op\u00e8re. Ces archives de la parole cr\u00e9ole d\u2019hier, d\u2019aujourd\u2019hui servent de socle au cr\u00e9ole de demain.\u00a0<\/span><\/p><p><span style=\"font-weight: 400;\">En enregistrant, commentant parfois et surtout en conservant des t\u00e9moignages oraux de la langue parl\u00e9e.\u00a0<\/span><\/p>\t\t\t\t\t\t\t\t<\/div>\n\t\t\t\t<\/div>\n\t\t\t\t<div class=\"elementor-element elementor-element-933c453 elementor-widget elementor-widget-accordion\" data-id=\"933c453\" data-element_type=\"widget\" data-e-type=\"widget\" data-widget_type=\"accordion.default\">\n\t\t\t\t<div class=\"elementor-widget-container\">\n\t\t\t\t\t\t\t<div class=\"elementor-accordion\">\n\t\t\t\t\t\t\t<div class=\"elementor-accordion-item\">\n\t\t\t\t\t<div id=\"elementor-tab-title-1541\" class=\"elementor-tab-title\" data-tab=\"1\" role=\"button\" aria-controls=\"elementor-tab-content-1541\" aria-expanded=\"false\">\n\t\t\t\t\t\t\t\t\t\t\t\t\t<span class=\"elementor-accordion-icon elementor-accordion-icon-left\" aria-hidden=\"true\">\n\t\t\t\t\t\t\t\t\t\t\t\t\t\t\t<span class=\"elementor-accordion-icon-closed\"><i class=\"fas fa-plus\"><\/i><\/span>\n\t\t\t\t\t\t\t\t<span class=\"elementor-accordion-icon-opened\"><i class=\"fas fa-minus\"><\/i><\/span>\n\t\t\t\t\t\t\t\t\t\t\t\t\t\t<\/span>\n\t\t\t\t\t\t\t\t\t\t\t\t<a class=\"elementor-accordion-title\" tabindex=\"0\">En savoir plus<\/a>\n\t\t\t\t\t<\/div>\n\t\t\t\t\t<div id=\"elementor-tab-content-1541\" class=\"elementor-tab-content elementor-clearfix\" data-tab=\"1\" role=\"region\" aria-labelledby=\"elementor-tab-title-1541\"><p><span style=\"font-weight: 400;\">En tant que locutrice du cr\u00e9ole martiniquais, j\u2019observe ses mutations et d\u00e9formations. Le cr\u00e9ole est une langue faite de conflits qui jongle en permanence entre vitalit\u00e9 et usure.\u00a0<\/span><\/p><p><span style=\"font-weight: 400;\">Je me demande souvent si le cr\u00e9ole sera en paix un jour? Cette langue n\u2019est-elle pas trop occup\u00e9e \u00e0 se chercher des origines et des codifications \u00e9gales \u00e0 d\u2019autres langues mieux consid\u00e9r\u00e9es, au lieu de se fabriquer un avenir, voire un destin?<\/span><\/p><p><span style=\"font-weight: 400;\">M\u00eame si le cr\u00e9ole s\u2019\u00e9crit de plus en plus, il est rarement lu et malgr\u00e9 une visibilit\u00e9 croissante du cr\u00e9ole, nous portons peu sa parole, comme le dit le po\u00e8te et penseur martiniquais, Monchoachi.\u00a0<\/span><\/p><p>\u00a0<\/p><p><span style=\"font-weight: 400;\">C\u2019est ce constat qui encourage mes projets : porter le message de la parole cr\u00e9ole en ce qu\u2019elle a de moins lisse.\u00a0 Car m\u00eame si je parle le cr\u00e9ole au quotidien, me parle-t-il toujours? Et que me dit-il?<\/span><\/p><p><span style=\"font-weight: 400;\">Une langue n\u2019est pas qu\u2019un outil de communication, elle v\u00e9hicule une vision du monde. Alors, comment faire pour ne pas laisser le cr\u00e9ole se d\u00e9figurer? Pour que les mots d\u2019ailleurs qui s\u2019y installent paient leur taxe? Pour qu\u2019il ne perde pas la succulence et l\u2019inventivit\u00e9 qui le caract\u00e9risent. Pour que ses locuteurs.trices ne le perdent pas de vue.\u00a0<\/span><\/p><p>\u00a0<\/p><p><span style=\"font-weight: 400;\">Il ne suffit pas d\u2019apprendre \u00e0 aimer le cr\u00e9ole pour se vivre dans une Martinique qui change, au m\u00eame rythme que le monde. Une Martinique qui a peut-\u00eatre trop longtemps souffert d\u2019une obsession \u00e0 chercher le monde ailleurs. Comme si s\u2019ouvrir au monde c\u2019\u00e9tait courir le chercher \u00e0 l\u2019ext\u00e9rieur. Le monde est peut-\u00eatre simplement l\u00e0 o\u00f9 nous sommes.\u00a0<\/span><\/p><p>\u00a0<\/p><p><span style=\"font-weight: 400;\">Avec ce projet, je voudrais donner sa chance \u00e0 un monde qui embrasse avec vitalit\u00e9 l\u2019ancien et le nouveau cr\u00e9ole.\u00a0<\/span><\/p><p><span style=\"font-weight: 400;\">Dans mon exp\u00e9rience de l\u2019\u00e9criture, po\u00e9sie et cr\u00e9ole ne sont jamais loin l\u2019une de l\u2019autre. Ce sont des antidotes r\u00e9els contre les temps boulevers\u00e9s que nous traversons depuis longtemps. Des alli\u00e9.es l\u00e0 pour apprendre \u00e0 se pr\u00e9parer \u00e0 la po\u00e9sie du monde, s\u2019y habituer, et comprendre comment se tourner vers elle sans m\u00e9fiance ni complexe d\u2019inf\u00e9riorit\u00e9.\u00a0<\/span><\/p><p><span style=\"font-weight: 400;\">Le cr\u00e9ole est un mode d\u2019habiter le monde. Un renversement mais aussi un refuge face \u00e0 la littoralisation du monde.\u00a0<\/span><\/p><p><span style=\"font-weight: 400;\">D\u2019ici 2035, une grande partie de la population mondiale vivra sur le littoral. Et le m\u00eame ph\u00e9nom\u00e8ne me semble toucher la notion de langage.\u00a0<\/span><\/p><p><span style=\"font-weight: 400;\">Avant d\u2019en arriver au point de ne survivre que sur une bande r\u00e9duite de parole, il me semble important d\u2019ouvrir une nouvelle porte \u00e0 l\u2019exploration de l\u2019oralit\u00e9 cr\u00e9olophone sous toutes ses formes.\u00a0<\/span><\/p><p>\u00a0<\/p><p><span style=\"font-weight: 400;\">En cr\u00e9ant une paroloth\u00e8que. Sorte de compl\u00e9ment sensible au travail du champ universitaire et des archives d\u00e9partementales.<\/span><\/p><p><span style=\"font-weight: 400;\">L\u2019id\u00e9e est de collecter toutes sortes d&rsquo;enregistrements du cr\u00e9ole et les r\u00e9pertorier en fonction de ph\u00e9nom\u00e8nes particuliers de la parole (cadence, choralit\u00e9, timbre, emphase, m\u00e9lodie etc).\u00a0 Chacune de ces notions constituerait une entr\u00e9e de la Paroloth\u00e8que, dot\u00e9e d&rsquo;un corpus sonore et de notices descriptives.<\/span><\/p><p>\u00a0<\/p><p><span style=\"font-weight: 400;\">Afin de montrer l\u2019\u00e9tendue de la richesse orale de cette \u00eele berc\u00e9e par la musique, la po\u00e9sie et le conte, mais aussi les discours politiques, militants, les jeux de domino, les dialogues de gallodrome, les conversations de places publiques etc, et donc forte d\u2019un patrimoine \u00e0 pr\u00e9server, d\u2019autant plus qu\u2019il est riche d\u2019une mixit\u00e9 linguistique (cr\u00e9ole, fran\u00e7ais, anglais et espagnol ) puisque l\u2019\u00eele est terre d\u2019accueil.\u00a0\u00a0<\/span><\/p><p>\u00a0<\/p><p><span style=\"font-weight: 400;\">Un dialogue avec divers sites du conservatoire du littoral et des monuments historiques ferait aussi partie de cette cr\u00e9ation. Comment sont vus, v\u00e9cus, compris ces paysages par ceux qui les c\u00f4toient ? La fr\u00e9quentation du rivage serait \u00e0 envisager comme projet de lancement de cette sonoth\u00e8que du r\u00e9el.\u00a0<\/span><\/p><p><span style=\"font-weight: 400;\">Au cours d&rsquo;interviews transg\u00e9n\u00e9rationnelles, je collecterai les mots cr\u00e9oles associ\u00e9s aux paysages propos\u00e9s au public.<\/span><\/p><p><span style=\"font-weight: 400;\">\u00c0 partir de cette collection, il serait possible de produire des pi\u00e8ces sonores, des performances, des spectacles, des conf\u00e9rences, des concerts, des installations\u2026<\/span><\/p><p><span style=\"font-weight: 400;\">La paroloth\u00e8que se veut une d\u00e9marche formelle sophistiqu\u00e9e servant \u00e0 narrer le cr\u00e9ole ancien, le cr\u00e9ole actuel et le cr\u00e9ole nouveau, en fermentation mais d\u00e9j\u00e0 si pr\u00e9sent. Un cr\u00e9ole nouveau qui sera parl\u00e9 dans un monde nouveau.\u00a0<\/span><\/p><p><span style=\"font-weight: 400;\">En ce sens, ce projet s\u2019inscrit dans ma d\u00e9marche de narration du r\u00e9el. Une forme d\u2019\u00e9criture contemporaine nourrie par ces sons ou voix enregistr\u00e9s et capt\u00e9s dans des moments du quotidien.<\/span><\/p><\/div>\n\t\t\t\t<\/div>\n\t\t\t\t\t\t\t\t<\/div>\n\t\t\t\t\t\t<\/div>\n\t\t\t\t<\/div>\n\t\t\t\t\t<\/div>\n\t\t<\/div>\n\t\t\t\t\t<\/div>\n\t\t<\/section>\n\t\t\t\t<\/div>\n\t\t","protected":false},"excerpt":{"rendered":"<p>Pr\u00e9c\u00e9dent Suivant Kreyol Fran\u00e7ais English Paw\u00f2lotek s\u00e9 an pwogram kiltirel ek artistik ka montr\u00e9 sosi\u00e9t\u00e9 moun Matinik asou wot\u00e8 son ek manni\u00e8 pal\u00e9 kr\u00e9y\u00f2l.\u00a0 Pandan mwa juiy\u00e9 ek \u00f2kt\u00f2b 2022, artis Simone Lagrand f\u00e8 an won Matinik pou kout\u00e9-grav\u00e9 moun p\u00e9yi-a ki t\u00e9 ka bokant\u00e9 \u00e9pi\u2019y an kr\u00e9y\u00f2l.\u00a0 S\u00e9 an pwogram ka f\u00e8t anba l\u00f2psion [&hellip;]<\/p>\n","protected":false},"author":1,"featured_media":0,"parent":0,"menu_order":0,"comment_status":"closed","ping_status":"closed","template":"","meta":{"footnotes":""},"class_list":["post-705","page","type-page","status-publish","hentry"],"_links":{"self":[{"href":"https:\/\/pawolotek.com\/index.php\/wp-json\/wp\/v2\/pages\/705","targetHints":{"allow":["GET"]}}],"collection":[{"href":"https:\/\/pawolotek.com\/index.php\/wp-json\/wp\/v2\/pages"}],"about":[{"href":"https:\/\/pawolotek.com\/index.php\/wp-json\/wp\/v2\/types\/page"}],"author":[{"embeddable":true,"href":"https:\/\/pawolotek.com\/index.php\/wp-json\/wp\/v2\/users\/1"}],"replies":[{"embeddable":true,"href":"https:\/\/pawolotek.com\/index.php\/wp-json\/wp\/v2\/comments?post=705"}],"version-history":[{"count":40,"href":"https:\/\/pawolotek.com\/index.php\/wp-json\/wp\/v2\/pages\/705\/revisions"}],"predecessor-version":[{"id":893,"href":"https:\/\/pawolotek.com\/index.php\/wp-json\/wp\/v2\/pages\/705\/revisions\/893"}],"wp:attachment":[{"href":"https:\/\/pawolotek.com\/index.php\/wp-json\/wp\/v2\/media?parent=705"}],"curies":[{"name":"wp","href":"https:\/\/api.w.org\/{rel}","templated":true}]}}